{"id":1215,"date":"2022-11-01T17:42:53","date_gmt":"2022-11-01T17:42:53","guid":{"rendered":"https:\/\/francisation.csbe.qc.ca\/?page_id=1215"},"modified":"2026-02-10T16:14:08","modified_gmt":"2026-02-10T16:14:08","slug":"ressources-pour-le-personnel","status":"publish","type":"page","link":"https:\/\/francisation.csbe.qc.ca\/?page_id=1215","title":{"rendered":"Ressources pour le personnel"},"content":{"rendered":"\n<figure class=\"wp-block-image size-large\"><img loading=\"lazy\" decoding=\"async\" width=\"1024\" height=\"427\" src=\"https:\/\/francisation.csbe.qc.ca\/wp-content\/uploads\/2023\/03\/moodle-1024x427.jpg\" alt=\"\" class=\"wp-image-1246\" srcset=\"https:\/\/francisation.csbe.qc.ca\/wp-content\/uploads\/2023\/03\/moodle-1024x427.jpg 1024w, https:\/\/francisation.csbe.qc.ca\/wp-content\/uploads\/2023\/03\/moodle-300x125.jpg 300w, https:\/\/francisation.csbe.qc.ca\/wp-content\/uploads\/2023\/03\/moodle-768x320.jpg 768w, https:\/\/francisation.csbe.qc.ca\/wp-content\/uploads\/2023\/03\/moodle-1110x463.jpg 1110w, https:\/\/francisation.csbe.qc.ca\/wp-content\/uploads\/2023\/03\/moodle-640x267.jpg 640w, https:\/\/francisation.csbe.qc.ca\/wp-content\/uploads\/2023\/03\/moodle.jpg 1163w\" sizes=\"auto, (max-width: 1024px) 100vw, 1024px\" \/><\/figure>\n\n\n\n<p class=\"has-text-align-center has-medium-font-size\"><strong>Cet espace Moodle r\u00e9pertorie diverses ressources pour les intervenants qui accueillent des \u00e9l\u00e8ves issus de l&rsquo;immigration.<\/strong><\/p>\n\n\n\n<ul class=\"wp-block-list\">\n<li><strong>Cadre de r\u00e9f\u00e9rence<\/strong><\/li>\n\n\n\n<li><strong>Formations<\/strong><\/li>\n\n\n\n<li><strong>Outils linguistiques<\/strong><\/li>\n<\/ul>\n\n\n\n<p class=\"has-text-align-center has-medium-font-size\"><strong>Connectez-vous \u00e0 Moodle CSBE avec vos informations CSSBE en cliquant sur le bouton \u00abAcc\u00e8s CSSBE \u00c9l\u00e8ves et enseignants\u00bb.<\/strong><\/p>\n\n\n\n<p class=\"has-text-align-center has-medium-font-size\"><strong>Pour acc\u00e9der au cours, cliquez sur le bouton M&rsquo;INSCRIRE.<\/strong><\/p>\n\n\n\n<p><\/p>\n\n\n\n<div class=\"wp-block-buttons is-content-justification-center is-layout-flex wp-container-core-buttons-is-layout-16018d1d wp-block-buttons-is-layout-flex\">\n<div class=\"wp-block-button\"><a class=\"wp-block-button__link wp-element-button\" href=\"https:\/\/moodle.cssbe.gouv.qc.ca\/course\/view.php?id=52\" target=\"_blank\" rel=\"noreferrer noopener\">La francisation au CSSBE<\/a><\/div>\n<\/div>\n\n\n\n<p><\/p>\n","protected":false},"excerpt":{"rendered":"<p>Cet espace Moodle r\u00e9pertorie diverses ressources pour les intervenants qui accueillent des \u00e9l\u00e8ves issus de l&rsquo;immigration. Connectez-vous \u00e0 Moodle CSBE avec vos informations CSSBE en cliquant sur le bouton \u00abAcc\u00e8s CSSBE \u00c9l\u00e8ves et enseignants\u00bb. Pour acc\u00e9der au cours, cliquez sur le bouton M&rsquo;INSCRIRE.<\/p>\n","protected":false},"author":9,"featured_media":0,"parent":0,"menu_order":0,"comment_status":"closed","ping_status":"closed","template":"","meta":{"footnotes":""},"class_list":["post-1215","page","type-page","status-publish","hentry"],"_links":{"self":[{"href":"https:\/\/francisation.csbe.qc.ca\/index.php?rest_route=\/wp\/v2\/pages\/1215","targetHints":{"allow":["GET"]}}],"collection":[{"href":"https:\/\/francisation.csbe.qc.ca\/index.php?rest_route=\/wp\/v2\/pages"}],"about":[{"href":"https:\/\/francisation.csbe.qc.ca\/index.php?rest_route=\/wp\/v2\/types\/page"}],"author":[{"embeddable":true,"href":"https:\/\/francisation.csbe.qc.ca\/index.php?rest_route=\/wp\/v2\/users\/9"}],"replies":[{"embeddable":true,"href":"https:\/\/francisation.csbe.qc.ca\/index.php?rest_route=%2Fwp%2Fv2%2Fcomments&post=1215"}],"version-history":[{"count":10,"href":"https:\/\/francisation.csbe.qc.ca\/index.php?rest_route=\/wp\/v2\/pages\/1215\/revisions"}],"predecessor-version":[{"id":1279,"href":"https:\/\/francisation.csbe.qc.ca\/index.php?rest_route=\/wp\/v2\/pages\/1215\/revisions\/1279"}],"wp:attachment":[{"href":"https:\/\/francisation.csbe.qc.ca\/index.php?rest_route=%2Fwp%2Fv2%2Fmedia&parent=1215"}],"curies":[{"name":"wp","href":"https:\/\/api.w.org\/{rel}","templated":true}]}}