{"id":374,"date":"2022-01-13T19:09:46","date_gmt":"2022-01-13T19:09:46","guid":{"rendered":"https:\/\/francisation.csbe.qc.ca\/?page_id=374"},"modified":"2026-02-10T16:03:06","modified_gmt":"2026-02-10T16:03:06","slug":"situations-decoute","status":"publish","type":"page","link":"https:\/\/francisation.csbe.qc.ca\/?page_id=374","title":{"rendered":"Situations d&rsquo;\u00e9coute"},"content":{"rendered":"\n<hr class=\"wp-block-separator has-css-opacity\"\/>\n\n\n\n<p class=\"has-medium-font-size\" style=\"font-style:normal;font-weight:500\">\u00c9missions<\/p>\n\n\n\n<div class=\"wp-block-buttons is-content-justification-space-between is-layout-flex wp-container-core-buttons-is-layout-3d213aab wp-block-buttons-is-layout-flex\">\n<div class=\"wp-block-button\"><a class=\"wp-block-button__link wp-element-button\" href=\"https:\/\/ici.tou.tv\/defense-d-entrer\" target=\"_blank\" rel=\"noreferrer noopener\">D\u00e9fense d&rsquo;entrer<\/a><\/div>\n\n\n\n<div class=\"wp-block-button\"><a class=\"wp-block-button__link wp-element-button\" href=\"https:\/\/ici.tou.tv\/14-mille-millions-de-choses-a-savoir\" target=\"_blank\" rel=\"noreferrer noopener\">14 millions de choses \u00e0 savoir <\/a><\/div>\n\n\n\n<div class=\"wp-block-button\"><a class=\"wp-block-button__link wp-element-button\" href=\"https:\/\/ici.tou.tv\/les-tresors-d-arthur-l-aventurier\" target=\"_blank\" rel=\"noreferrer noopener\">Arthur l&rsquo;aventurier <\/a><\/div>\n\n\n\n<div class=\"wp-block-button\"><a class=\"wp-block-button__link wp-element-button\" href=\"https:\/\/enclasse.telequebec.tv\/\" target=\"_blank\" rel=\"noreferrer noopener\">T\u00e9l\u00e9-Qu\u00e9bec en classe<\/a><\/div>\n\n\n\n<div class=\"wp-block-button\"><a class=\"wp-block-button__link wp-element-button\" href=\"https:\/\/ici.tou.tv\/marika\/S01E01?lectureauto=1\" target=\"_blank\" rel=\"noreferrer noopener\">Marika<\/a><\/div>\n\n\n\n<div class=\"wp-block-button\"><a class=\"wp-block-button__link wp-element-button\" href=\"https:\/\/vimeo.com\/226905085\" target=\"_blank\" rel=\"noreferrer noopener\">Les vampires<\/a><\/div>\n<\/div>\n\n\n\n<div class=\"wp-block-buttons is-layout-flex wp-block-buttons-is-layout-flex\">\n<div class=\"wp-block-button\"><a class=\"wp-block-button__link wp-element-button\" href=\"https:\/\/ici.tou.tv\/categorie\/jeunesse\" target=\"_blank\" rel=\"noreferrer noopener\">Zone jeunesse<\/a><\/div>\n<\/div>\n\n\n\n<div class=\"wp-block-buttons is-layout-flex wp-block-buttons-is-layout-flex\">\n<div class=\"wp-block-button\"><a class=\"wp-block-button__link wp-element-button\" href=\"https:\/\/coucou.telequebec.tv\/heros\/88\/passe-partout\" target=\"_blank\" rel=\"noreferrer noopener\">Coucou passe-partout<\/a><\/div>\n<\/div>\n\n\n\n<div class=\"wp-block-buttons is-layout-flex wp-block-buttons-is-layout-flex\">\n<div class=\"wp-block-button\"><a class=\"wp-block-button__link wp-element-button\" href=\"https:\/\/ici.tou.tv\/categorie\/pour-les-petits\" target=\"_blank\" rel=\"noreferrer noopener\">Zone des petits<\/a><\/div>\n<\/div>\n\n\n\n<div class=\"wp-block-buttons is-layout-flex wp-block-buttons-is-layout-flex\">\n<div class=\"wp-block-button\"><a class=\"wp-block-button__link wp-element-button\" href=\"https:\/\/www.tv5unis.ca\/francolab\/collections\/tous-les-contenus\" target=\"_blank\" rel=\"noreferrer noopener\">Franco Lab <\/a><\/div>\n<\/div>\n\n\n\n<div class=\"wp-block-buttons is-layout-flex wp-block-buttons-is-layout-flex\">\n<div class=\"wp-block-button\"><a class=\"wp-block-button__link wp-element-button\" href=\"http:\/\/francolabjunior.ca\/\" target=\"_blank\" rel=\"noreferrer noopener\">Franco Lab junior<\/a><\/div>\n<\/div>\n\n\n\n<hr class=\"wp-block-separator has-css-opacity\"\/>\n\n\n\n<p class=\"has-medium-font-size\" style=\"font-style:normal;font-weight:500\">Contes et l\u00e9gendes<\/p>\n\n\n\n<div class=\"wp-block-buttons is-layout-flex wp-block-buttons-is-layout-flex\">\n<div class=\"wp-block-button\"><a class=\"wp-block-button__link wp-element-button\" href=\"https:\/\/www.dailymotion.com\/video\/x633ow\">Le monstre du lac Magog<\/a><\/div>\n<\/div>\n\n\n\n<div class=\"wp-block-buttons is-layout-flex wp-block-buttons-is-layout-flex\">\n<div class=\"wp-block-button\"><a class=\"wp-block-button__link wp-element-button\" href=\"https:\/\/coucou.telequebec.tv\/contes\">Contes sur T\u00e9l\u00e9 Qu\u00e9bec<\/a><\/div>\n<\/div>\n\n\n\n<div class=\"wp-block-buttons is-layout-flex wp-block-buttons-is-layout-flex\">\n<div class=\"wp-block-button\"><a class=\"wp-block-button__link wp-element-button\" href=\"https:\/\/www.tv5unis.ca\/francolab\/les-legendes-de-chez-nous?video_id=1\">Les l\u00e9gendes de chez nous<\/a><\/div>\n<\/div>\n\n\n\n<hr class=\"wp-block-separator has-css-opacity\"\/>\n\n\n\n<p class=\"has-medium-font-size\" style=\"font-style:normal;font-weight:500\">Documentaire<\/p>\n\n\n\n<div class=\"wp-block-buttons is-layout-flex wp-block-buttons-is-layout-flex\">\n<div class=\"wp-block-button\"><a class=\"wp-block-button__link wp-element-button\" href=\"https:\/\/www.laoujedors.com\/chambres\">L\u00e0 o\u00f9 je dors&#8230;<\/a><\/div>\n<\/div>\n\n\n\n<div class=\"wp-block-group\"><div class=\"wp-block-group__inner-container is-layout-flow wp-block-group-is-layout-flow\">\n<div class=\"wp-block-buttons is-layout-flex wp-block-buttons-is-layout-flex\">\n<div class=\"wp-block-button\"><a class=\"wp-block-button__link wp-element-button\" href=\"https:\/\/www.bagages.ca\/film\" target=\"_blank\" rel=\"noreferrer noopener\">Documentaire Bagages<\/a><\/div>\n\n\n\n<div class=\"wp-block-button\"><a class=\"wp-block-button__link wp-element-button\" href=\"https:\/\/ici.tou.tv\/l-effet-secondaire\" target=\"_blank\" rel=\"noreferrer noopener\">L&rsquo;effet secondaire<\/a><\/div>\n<\/div>\n<\/div><\/div>\n\n\n\n<hr class=\"wp-block-separator has-css-opacity\"\/>\n\n\n\n<p class=\"has-medium-font-size\" style=\"font-style:normal;font-weight:500\">Vid\u00e9o qu\u00e9b\u00e9cois<\/p>\n\n\n\n<div class=\"wp-block-buttons is-layout-flex wp-block-buttons-is-layout-flex\">\n<div class=\"wp-block-button\"><a class=\"wp-block-button__link wp-element-button\" href=\"https:\/\/www.youtube.com\/watch?v=XCle3zEfAsE&amp;list=PLrEgwrIEUwdM7NPlV6cyvrItss0ArqV3H\">Qui l&rsquo;e\u00fbt cru?<\/a><\/div>\n<\/div>\n\n\n\n<div class=\"wp-block-buttons is-layout-flex wp-block-buttons-is-layout-flex\">\n<div class=\"wp-block-button\"><a class=\"wp-block-button__link wp-element-button\" href=\"https:\/\/edpuzzle.com\/media\/6045d2d9c4b09042899277d7\">Le fran\u00e7ais qu\u00e9b\u00e9cois<\/a><\/div>\n<\/div>\n\n\n\n<hr class=\"wp-block-separator has-css-opacity\"\/>\n\n\n\n<p class=\"has-medium-font-size\" style=\"font-style:normal;font-weight:500\">Chansons<\/p>\n\n\n\n<div class=\"wp-block-buttons is-horizontal is-layout-flex wp-block-buttons-is-layout-flex\">\n<div class=\"wp-block-button\"><a class=\"wp-block-button__link wp-element-button\" href=\"https:\/\/learningapps.org\/display?v=p4unz7wrj20\" target=\"_blank\" rel=\"noreferrer noopener\">Chanson 1<\/a><\/div>\n\n\n\n<div class=\"wp-block-button\"><a class=\"wp-block-button__link wp-element-button\" href=\"https:\/\/learningapps.org\/2237706\" target=\"_blank\" rel=\"noreferrer noopener\">Chanson 2<\/a><\/div>\n\n\n\n<div class=\"wp-block-button\"><a class=\"wp-block-button__link wp-element-button\" href=\"https:\/\/learningapps.org\/13304941\" target=\"_blank\" rel=\"noreferrer noopener\">Chanson 3<\/a><\/div>\n\n\n\n<div class=\"wp-block-button\"><a class=\"wp-block-button__link wp-element-button\" href=\"https:\/\/www.thefablecottage.com\/french\/les-habits-neufs-de-lempereur\" target=\"_blank\" rel=\"noreferrer noopener\">Contes<\/a><\/div>\n<\/div>\n\n\n\n<hr class=\"wp-block-separator has-css-opacity\"\/>\n\n\n\n<p class=\"has-medium-font-size\" style=\"font-style:normal;font-weight:500\">Dict\u00e9e audio<\/p>\n\n\n\n<div class=\"wp-block-buttons is-layout-flex wp-block-buttons-is-layout-flex\"><\/div>\n\n\n\n<div class=\"wp-block-buttons is-layout-flex wp-block-buttons-is-layout-flex\">\n<div class=\"wp-block-button\"><a class=\"wp-block-button__link wp-element-button\" href=\"https:\/\/enclasse.telequebec.tv\/recherche?filter=%5B%7B%22key%22%3A%22rvms%22%2C%22value%22%3A%22rvms%3AApprentissage%20de%20la%20lecture%22%7D%5D&amp;topFilter=%7B%7D&amp;page=1\" target=\"_blank\" rel=\"noreferrer noopener\">Lectures interactives<\/a><\/div>\n<\/div>\n","protected":false},"excerpt":{"rendered":"<p>\u00c9missions Contes et l\u00e9gendes Documentaire Vid\u00e9o qu\u00e9b\u00e9cois Chansons Dict\u00e9e audio<\/p>\n","protected":false},"author":8,"featured_media":1104,"parent":0,"menu_order":0,"comment_status":"closed","ping_status":"closed","template":"","meta":{"footnotes":""},"class_list":["post-374","page","type-page","status-publish","has-post-thumbnail","hentry"],"_links":{"self":[{"href":"https:\/\/francisation.csbe.qc.ca\/index.php?rest_route=\/wp\/v2\/pages\/374","targetHints":{"allow":["GET"]}}],"collection":[{"href":"https:\/\/francisation.csbe.qc.ca\/index.php?rest_route=\/wp\/v2\/pages"}],"about":[{"href":"https:\/\/francisation.csbe.qc.ca\/index.php?rest_route=\/wp\/v2\/types\/page"}],"author":[{"embeddable":true,"href":"https:\/\/francisation.csbe.qc.ca\/index.php?rest_route=\/wp\/v2\/users\/8"}],"replies":[{"embeddable":true,"href":"https:\/\/francisation.csbe.qc.ca\/index.php?rest_route=%2Fwp%2Fv2%2Fcomments&post=374"}],"version-history":[{"count":32,"href":"https:\/\/francisation.csbe.qc.ca\/index.php?rest_route=\/wp\/v2\/pages\/374\/revisions"}],"predecessor-version":[{"id":1272,"href":"https:\/\/francisation.csbe.qc.ca\/index.php?rest_route=\/wp\/v2\/pages\/374\/revisions\/1272"}],"wp:featuredmedia":[{"embeddable":true,"href":"https:\/\/francisation.csbe.qc.ca\/index.php?rest_route=\/wp\/v2\/media\/1104"}],"wp:attachment":[{"href":"https:\/\/francisation.csbe.qc.ca\/index.php?rest_route=%2Fwp%2Fv2%2Fmedia&parent=374"}],"curies":[{"name":"wp","href":"https:\/\/api.w.org\/{rel}","templated":true}]}}