{"id":692,"date":"2022-01-17T18:42:41","date_gmt":"2022-01-17T18:42:41","guid":{"rendered":"https:\/\/francisation.csbe.qc.ca\/?page_id=692"},"modified":"2026-02-10T16:10:01","modified_gmt":"2026-02-10T16:10:01","slug":"les-verbes-debutants","status":"publish","type":"page","link":"https:\/\/francisation.csbe.qc.ca\/?page_id=692","title":{"rendered":"Les verbes"},"content":{"rendered":"\n<hr class=\"wp-block-separator has-css-opacity is-style-wide\"\/>\n\n\n\n<p><strong>D\u00e9butants<\/strong><\/p>\n\n\n\n<div class=\"wp-block-buttons is-layout-flex wp-block-buttons-is-layout-flex\">\n<div class=\"wp-block-button\"><a class=\"wp-block-button__link wp-element-button\" href=\"https:\/\/commentconjuguer.com\/les-1001-verbes-francais-les-plus-usites\" target=\"_blank\" rel=\"noreferrer noopener\">Activit\u00e9 1<\/a><\/div>\n\n\n\n<div class=\"wp-block-button\"><a class=\"wp-block-button__link wp-element-button\" href=\"https:\/\/www.logicieleducatif.fr\/francais\/conjugaison_grammaire\/conjugojunior1.php\" target=\"_blank\" rel=\"noreferrer noopener\">Activit\u00e9 2<\/a><\/div>\n\n\n\n<div class=\"wp-block-button\"><a class=\"wp-block-button__link wp-element-button\" href=\"https:\/\/www.francepodcasts.com\/2020\/01\/10\/les-verbes-en-er-au-present\/\" target=\"_blank\" rel=\"noreferrer noopener\">Activit\u00e9 3<\/a><\/div>\n\n\n\n<div class=\"wp-block-button\"><a class=\"wp-block-button__link wp-element-button\" href=\"https:\/\/www.podcastfrancaisfacile.com\/test\/test-de-conjugaison.html\" target=\"_blank\" rel=\"noreferrer noopener\">Activit\u00e9 4<\/a><\/div>\n\n\n\n<div class=\"wp-block-button\"><a class=\"wp-block-button__link wp-element-button\" href=\"https:\/\/wordwall.net\/fr\/resource\/732877\/francese\/indicatif-pr%c3%a9sent-aller\" target=\"_blank\" rel=\"noreferrer noopener\">Activit\u00e9 5<\/a><\/div>\n\n\n\n<div class=\"wp-block-button\"><a class=\"wp-block-button__link wp-element-button\" href=\"https:\/\/learningapps.org\/2754251\" target=\"_blank\" rel=\"noreferrer noopener\">Activit\u00e9 6<\/a><\/div>\n\n\n\n<div class=\"wp-block-button\"><a class=\"wp-block-button__link wp-element-button\" href=\"https:\/\/wordwall.net\/fr\/resource\/733082\/francese\/ind-pr%c3%a9s-faire\" target=\"_blank\" rel=\"noreferrer noopener\">Activit\u00e9 7<\/a><\/div>\n\n\n\n<div class=\"wp-block-button\"><a class=\"wp-block-button__link wp-element-button\" href=\"https:\/\/learningapps.org\/7646238\" target=\"_blank\" rel=\"noreferrer noopener\">Activit\u00e9 8<\/a><\/div>\n\n\n\n<div class=\"wp-block-button\"><a class=\"wp-block-button__link wp-element-button\" href=\"https:\/\/wordwall.net\/fr\/resource\/792143\/francese\/lire-ind-pr%c3%a9s\" target=\"_blank\" rel=\"noreferrer noopener\">Activit\u00e9 9<\/a><\/div>\n\n\n\n<div class=\"wp-block-button\"><a class=\"wp-block-button__link wp-element-button\" href=\"https:\/\/wordwall.net\/resource\/792136\/francese\/ind-pr%c3%a9s-lire\" target=\"_blank\" rel=\"noreferrer noopener\">Activit\u00e9 10<\/a><\/div>\n\n\n\n<div class=\"wp-block-button\"><a class=\"wp-block-button__link wp-element-button\" href=\"https:\/\/www.espagnolfacile.com\/exercices\/exercice-espagnol-2\/exercice-espagnol-2502.php\" target=\"_blank\" rel=\"noreferrer noopener\">Activit\u00e9 11<\/a><\/div>\n\n\n\n<div class=\"wp-block-button\"><a class=\"wp-block-button__link wp-element-button\" href=\"https:\/\/www.logicieleducatif.fr\/francais\/conjugaison_grammaire\/conjugojunior2.php\" target=\"_blank\" rel=\"noreferrer noopener\">Activit\u00e9 12<\/a><\/div>\n<\/div>\n\n\n\n<hr class=\"wp-block-separator has-css-opacity is-style-wide\"\/>\n\n\n\n<p><strong>Imparfait<\/strong><\/p>\n\n\n\n<div class=\"wp-block-buttons is-layout-flex wp-block-buttons-is-layout-flex\">\n<div class=\"wp-block-button\"><a class=\"wp-block-button__link wp-element-button\" href=\"https:\/\/www.logicieleducatif.fr\/francais\/conjugaison_grammaire\/imparfait.php\" target=\"_blank\" rel=\"noreferrer noopener\">Activit\u00e9 1<\/a><\/div>\n\n\n\n<div class=\"wp-block-button\"><a class=\"wp-block-button__link wp-element-button\" href=\"http:\/\/www.eoiestepona.org\/html\/juan\/exercices\/2FRANCES\/verbes\/Imparfait-petit_prince.htm\" target=\"_blank\" rel=\"noreferrer noopener\">Activit\u00e9 2<\/a><\/div>\n\n\n\n<div class=\"wp-block-button\"><a class=\"wp-block-button__link wp-element-button\" href=\"https:\/\/wordwall.net\/resource\/739339\/francese\/retrouvez-limparfait-des-verbes\" target=\"_blank\" rel=\"noreferrer noopener\">Activit\u00e9 3<\/a><\/div>\n<\/div>\n\n\n\n<hr class=\"wp-block-separator has-css-opacity is-style-wide\"\/>\n\n\n\n<p><strong>Avanc\u00e9s<\/strong><\/p>\n\n\n\n<div class=\"wp-block-buttons is-layout-flex wp-block-buttons-is-layout-flex\">\n<div class=\"wp-block-button\"><a class=\"wp-block-button__link wp-element-button\" href=\"https:\/\/www.logicieleducatif.fr\/francais\/conjugaison_grammaire\/conjugaison-prendre.php\" target=\"_blank\" rel=\"noreferrer noopener\">Activit\u00e9 1<\/a><\/div>\n<\/div>\n\n\n\n<hr class=\"wp-block-separator has-css-opacity is-style-wide\"\/>\n\n\n\n<p><strong>Imp\u00e9ratif<\/strong><\/p>\n\n\n\n<p><a href=\"http:\/\/fslactivities.ca\/quiz\/pizza\/index.htm\" data-type=\"URL\" data-id=\"http:\/\/fslactivities.ca\/quiz\/pizza\/index.htm\" target=\"_blank\" rel=\"noreferrer noopener\">Activit\u00e9 2<\/a><\/p>\n\n\n\n<div class=\"wp-block-buttons is-layout-flex wp-block-buttons-is-layout-flex\">\n<div class=\"wp-block-button\"><a class=\"wp-block-button__link wp-element-button\" href=\"https:\/\/learningapps.org\/5877535\" target=\"_blank\" rel=\"noreferrer noopener\">Activit\u00e9 1<\/a><\/div>\n<\/div>\n\n\n\n<hr class=\"wp-block-separator has-css-opacity is-style-wide\"\/>\n\n\n\n<p><strong>Verbes pronominaux<\/strong><\/p>\n\n\n\n<div class=\"wp-block-buttons is-layout-flex wp-block-buttons-is-layout-flex\">\n<div class=\"wp-block-button\"><a class=\"wp-block-button__link wp-element-button\" href=\"https:\/\/learningapps.org\/8978894\" target=\"_blank\" rel=\"noreferrer noopener\">Activit\u00e9 1<\/a><\/div>\n\n\n\n<div class=\"wp-block-button\"><a class=\"wp-block-button__link wp-element-button\" href=\"https:\/\/wordwall.net\/fr\/resource\/780971\/francese\/choisis-le-verbe-correct\" target=\"_blank\" rel=\"noreferrer noopener\">Activit\u00e9 2<\/a><\/div>\n\n\n\n<div class=\"wp-block-button\"><a class=\"wp-block-button__link wp-element-button\" href=\"https:\/\/wordwall.net\/fr\/resource\/780885\/francese\/verbes-r%c3%a9fl%c3%a9chis\" target=\"_blank\" rel=\"noreferrer noopener\">Activit\u00e9 3<\/a><\/div>\n\n\n\n<div class=\"wp-block-button\"><a class=\"wp-block-button__link wp-element-button\" href=\"https:\/\/www.educandy.com\/site\/html5\/bin\/main.php?activity=multiple_pairs&amp;quizid=974668\" target=\"_blank\" rel=\"noreferrer noopener\">Activit\u00e9 4<\/a><\/div>\n\n\n\n<div class=\"wp-block-button\"><a class=\"wp-block-button__link wp-element-button\" href=\"https:\/\/www.educandy.com\/site\/html5\/bin\/main.php?activity=crosswords&amp;quizid=981870\" target=\"_blank\" rel=\"noreferrer noopener\">Activit\u00e9 5<\/a><\/div>\n<\/div>\n\n\n\n<hr class=\"wp-block-separator has-css-opacity is-style-wide\"\/>\n\n\n\n<p><strong>Futur simple<\/strong><\/p>\n\n\n\n<div class=\"wp-block-buttons is-layout-flex wp-block-buttons-is-layout-flex\">\n<div class=\"wp-block-button\"><a class=\"wp-block-button__link wp-element-button\" href=\"https:\/\/learningapps.org\/2046586\" target=\"_blank\" rel=\"noreferrer noopener\">Activit\u00e9 1<\/a><\/div>\n\n\n\n<div class=\"wp-block-button\"><a class=\"wp-block-button__link wp-element-button\" href=\"https:\/\/www.logicieleducatif.fr\/francais\/conjugaison_grammaire\/futur.php\" target=\"_blank\" rel=\"noreferrer noopener\">Activit\u00e9 2<\/a><\/div>\n\n\n\n<div class=\"wp-block-button\"><a class=\"wp-block-button__link wp-element-button\" href=\"http:\/\/www.estudiodefrances.com\/questions\/futur-irregulier.html\" target=\"_blank\" rel=\"noreferrer noopener\">Activit\u00e9 3<\/a><\/div>\n<\/div>\n\n\n\n<hr class=\"wp-block-separator has-css-opacity is-style-wide\"\/>\n\n\n\n<p><strong>Conditionnel pr\u00e9sent<\/strong><\/p>\n\n\n\n<p><a href=\"https:\/\/wordwall.net\/resource\/625482\/french\/f3-dac2-u3b-le-conditionnel-irr%C3%A9gulier\" data-type=\"URL\" data-id=\"https:\/\/wordwall.net\/resource\/625482\/french\/f3-dac2-u3b-le-conditionnel-irr%C3%A9gulier\" target=\"_blank\" rel=\"noreferrer noopener\">Activit\u00e9 2<\/a><\/p>\n\n\n\n<div class=\"wp-block-buttons is-layout-flex wp-block-buttons-is-layout-flex\">\n<div class=\"wp-block-button\"><a class=\"wp-block-button__link wp-element-button\" href=\"http:\/\/laprofdefle.blogspot.com\/search\/label\/Verbes%20%28Conditionnel%29\" target=\"_blank\" rel=\"noreferrer noopener\">Activit\u00e9 1<\/a><\/div>\n<\/div>\n\n\n\n<hr class=\"wp-block-separator has-css-opacity is-style-wide\"\/>\n\n\n\n<p><a href=\"https:\/\/www.logicieleducatif.fr\/francais\/conjugaison_grammaire\/pcompose.php\" data-type=\"URL\" data-id=\"https:\/\/www.logicieleducatif.fr\/francais\/conjugaison_grammaire\/pcompose.php\" target=\"_blank\" rel=\"noreferrer noopener\">Pass\u00e9 compos\u00e9<\/a><\/p>\n\n\n\n<p><a href=\"https:\/\/wordwall.net\/resource\/312653\/pr%c3%a9sent-ou-pass%c3%a9-compos%c3%a9\" data-type=\"URL\" data-id=\"https:\/\/wordwall.net\/resource\/312653\/pr%c3%a9sent-ou-pass%c3%a9-compos%c3%a9\" target=\"_blank\" rel=\"noreferrer noopener\">Pass\u00e9 compos\u00e9 2<\/a><\/p>\n\n\n\n<p><a href=\"https:\/\/learningapps.org\/1568735\" data-type=\"URL\" data-id=\"https:\/\/learningapps.org\/1568735\" target=\"_blank\" rel=\"noreferrer noopener\">Pass\u00e9 compos\u00e9 3<\/a><\/p>\n\n\n\n<p><a href=\"https:\/\/learningapps.org\/5277391\" data-type=\"URL\" data-id=\"https:\/\/learningapps.org\/5277391\" target=\"_blank\" rel=\"noreferrer noopener\">Pass\u00e9 compos\u00e9 4<\/a><\/p>\n\n\n\n<p><a href=\"https:\/\/learningapps.org\/9207020\" data-type=\"URL\" data-id=\"https:\/\/learningapps.org\/9207020\" target=\"_blank\" rel=\"noreferrer noopener\">Pass\u00e9 compos\u00e9 5<\/a><\/p>\n\n\n\n<p><a href=\"https:\/\/matchthememory.com\/partpassirg?fbclid=IwAR2D2SiPLDcrfRPwZ5CQLMHIrHG0i-K_Ez4cwPVph7QpC9qRa6YkJ6aw86o\" data-type=\"URL\" data-id=\"https:\/\/matchthememory.com\/partpassirg?fbclid=IwAR2D2SiPLDcrfRPwZ5CQLMHIrHG0i-K_Ez4cwPVph7QpC9qRa6YkJ6aw86o\" target=\"_blank\" rel=\"noreferrer noopener\">Pass\u00e9 compos\u00e9 6<\/a><\/p>\n\n\n\n<p><a href=\"https:\/\/wordwall.net\/resource\/324944\/aller-pass%C3%A9-compos%C3%A9\" data-type=\"URL\" data-id=\"https:\/\/wordwall.net\/resource\/324944\/aller-pass%C3%A9-compos%C3%A9\" target=\"_blank\" rel=\"noreferrer noopener\">Pass\u00e9 compos\u00e9 7<\/a><\/p>\n\n\n\n<p><a href=\"https:\/\/wordwall.net\/resource\/183725\/avoir-ou-%c3%aatre\" data-type=\"URL\" data-id=\"https:\/\/wordwall.net\/resource\/183725\/avoir-ou-%c3%aatre\" target=\"_blank\" rel=\"noreferrer noopener\">Pass\u00e9 compos\u00e9 8<\/a><\/p>\n","protected":false},"excerpt":{"rendered":"<p>D\u00e9butants Imparfait Avanc\u00e9s Imp\u00e9ratif Activit\u00e9 2 Verbes pronominaux Futur simple Conditionnel pr\u00e9sent Activit\u00e9 2 Pass\u00e9 compos\u00e9 Pass\u00e9 compos\u00e9 2 Pass\u00e9 compos\u00e9 3 Pass\u00e9 compos\u00e9 4 Pass\u00e9 compos\u00e9 5 Pass\u00e9 compos\u00e9 6 Pass\u00e9 compos\u00e9 7 Pass\u00e9 compos\u00e9 8<\/p>\n","protected":false},"author":8,"featured_media":789,"parent":0,"menu_order":0,"comment_status":"closed","ping_status":"closed","template":"","meta":{"footnotes":""},"class_list":["post-692","page","type-page","status-publish","has-post-thumbnail","hentry"],"_links":{"self":[{"href":"https:\/\/francisation.csbe.qc.ca\/index.php?rest_route=\/wp\/v2\/pages\/692","targetHints":{"allow":["GET"]}}],"collection":[{"href":"https:\/\/francisation.csbe.qc.ca\/index.php?rest_route=\/wp\/v2\/pages"}],"about":[{"href":"https:\/\/francisation.csbe.qc.ca\/index.php?rest_route=\/wp\/v2\/types\/page"}],"author":[{"embeddable":true,"href":"https:\/\/francisation.csbe.qc.ca\/index.php?rest_route=\/wp\/v2\/users\/8"}],"replies":[{"embeddable":true,"href":"https:\/\/francisation.csbe.qc.ca\/index.php?rest_route=%2Fwp%2Fv2%2Fcomments&post=692"}],"version-history":[{"count":11,"href":"https:\/\/francisation.csbe.qc.ca\/index.php?rest_route=\/wp\/v2\/pages\/692\/revisions"}],"predecessor-version":[{"id":1276,"href":"https:\/\/francisation.csbe.qc.ca\/index.php?rest_route=\/wp\/v2\/pages\/692\/revisions\/1276"}],"wp:featuredmedia":[{"embeddable":true,"href":"https:\/\/francisation.csbe.qc.ca\/index.php?rest_route=\/wp\/v2\/media\/789"}],"wp:attachment":[{"href":"https:\/\/francisation.csbe.qc.ca\/index.php?rest_route=%2Fwp%2Fv2%2Fmedia&parent=692"}],"curies":[{"name":"wp","href":"https:\/\/api.w.org\/{rel}","templated":true}]}}